{"id":1501,"date":"2014-10-12T18:42:33","date_gmt":"2014-10-12T15:42:33","guid":{"rendered":"http:\/\/www.muhasebedersleri.com\/blog\/?page_id=1501"},"modified":"2014-10-18T22:33:36","modified_gmt":"2014-10-18T19:33:36","slug":"genel-muhasebe-video-egitim-seti","status":"publish","type":"page","link":"https:\/\/www.muhasebedersleri.com\/blog\/genel-muhasebe-video-egitim-seti\/","title":{"rendered":"Genel Muhasebe Video E\u011fitim Seti"},"content":{"rendered":"<p><strong><img loading=\"lazy\" decoding=\"async\" class=\"alignleft wp-image-1535 size-full\" src=\"http:\/\/www.muhasebedersleri.com\/blog\/wp-content\/uploads\/2014\/10\/video-egitim-seti.jpg\" alt=\"muhasebe video e\u011fitim seti\" width=\"300\" height=\"250\" \/>Genel muhasebe e\u011fitim seti;<\/strong> Tek d\u00fczen hesap plan\u0131na g\u00f6re \u00e7ift tarafl\u0131 kay\u0131t sistemini anlatan e\u011fitim setimizdir.<\/p>\n<p>&nbsp;<\/p>\n<p>DVD E\u011fitim setimizde toplam 130 video bulunmaktad\u0131r. \u0130steyenler\u00a0e\u011fitim setimizi sat\u0131n\u00a0al\u0131p istedi\u011fi zaman ve istedi\u011fi kadar konu anlat\u0131ml\u0131 videolar\u0131 izleyerek genel muhasebeyi \u00f6\u011frenebilirler.<\/p>\n<p>&nbsp;<\/p>\n<p><strong>\u0130steyenler a\u015fa\u011f\u0131daki ileti\u015fim formu ile bize ula\u015fabilirler. <\/strong>(info@muhasebedersleri.com)<\/p>\n<p>&nbsp;<\/p>\n<p style=\"text-align: center;\">[contact_form]\n<p>&nbsp;<\/p>\n<p><strong>E\u011fitim Seti \u0130\u00e7eri\u011fi:<\/strong><\/p>\n<p>MUHASEBE<br \/>\nMuhasebenin tan\u0131m\u0131<br \/>\nMuhasebenin fonksiyonlar\u0131<br \/>\nMuhasebenin temel kavramlar\u0131<br \/>\nMuhasebenin b\u00f6l\u00fcmleri<br \/>\nMuhasebenin kay\u0131t y\u00f6ntemleri<br \/>\nDe\u011ferlendirme sorular\u0131<br \/>\nS\u0131navlarda \u00e7\u0131km\u0131\u015f sorular<\/p>\n<p>HESAP KAVRAMI<br \/>\nHesap tan\u0131m\u0131<br \/>\nHesab\u0131n \u015fekli<br \/>\nHesap kavramlar\u0131<br \/>\nHesap plan\u0131<br \/>\nHesap kodlar\u0131 mant\u0131\u011f\u0131<br \/>\nHesaplar\u0131n i\u015fleyi\u015f kurallar\u0131<br \/>\nHesaplar\u0131n i\u015fleyi\u015f kurallar\u0131 &#8211; \u00f6rnek 1<br \/>\nHesaplar\u0131n i\u015fleyi\u015f kurallar\u0131 &#8211; \u00f6rnek 2<br \/>\nD\u00fczenleyici hesaplar<br \/>\nDe\u011ferlendirme sorular\u0131<br \/>\nS\u0131navlarda \u00e7\u0131km\u0131\u015f sorular<\/p>\n<p>B\u0130LAN\u00c7O<br \/>\nBilan\u00e7o tan\u0131m\u0131<br \/>\nBilan\u00e7onun \u015fekli<br \/>\nBilan\u00e7o temel denkli\u011fi<br \/>\nBilan\u00e7o temel denkli\u011fi &#8211; \u00f6rnek<br \/>\nBilan\u00e7onun d\u00fczenlenmesi<br \/>\nBilan\u00e7onun d\u00fczenlenmesi &#8211; \u00f6rnek<br \/>\nBilan\u00e7odaki de\u011fi\u015fikliklerin izlenmesi<br \/>\nBilan\u00e7odaki de\u011fi\u015fikliklerin izlenmesi &#8211; \u00f6rnek<br \/>\nA\u00e7\u0131l\u0131\u015f bilan\u00e7osu<br \/>\nDe\u011ferlendirme sorular\u0131<br \/>\nS\u0131navlarda \u00e7\u0131km\u0131\u015f sorular<\/p>\n<p>YEVM\u0130YE DEFTER\u0130<br \/>\nYevmiye defteri tan\u0131m\u0131<br \/>\nYevmiye defteri \u015fekli<br \/>\nYevmiye defteri kay\u0131t mant\u0131\u011f\u0131<br \/>\nYevmiye defteri kay\u0131t mant\u0131\u011f\u0131 &#8211; \u00f6rnek 1<br \/>\nYevmiye defteri kay\u0131t mant\u0131\u011f\u0131 &#8211; \u00f6rnek 2<br \/>\nYevmiye defteri kay\u0131t mant\u0131\u011f\u0131 &#8211; \u00f6rnek 3<br \/>\nA\u00e7\u0131l\u0131\u015f kayd\u0131<br \/>\nA\u00e7\u0131l\u0131\u015f kayd\u0131 &#8211; \u00f6rnek<br \/>\nMuhasebe fi\u015fleri<br \/>\nKasa tahsil fi\u015fi &#8211; \u00f6rnek<br \/>\nKasa tediye fi\u015fi &#8211; \u00f6rnek<br \/>\nMahsup fi\u015fi &#8211; \u00f6rnek<br \/>\nDe\u011ferlendirme sorular\u0131<\/p>\n<p>B\u00dcY\u00dcK DEFTER<br \/>\nB\u00fcy\u00fck defter tan\u0131m\u0131<br \/>\nB\u00fcy\u00fck defterin \u015fekli<br \/>\nB\u00fcy\u00fck defterin d\u00fczenlenmesi<br \/>\nB\u00fcy\u00fck defterin d\u00fczenlenmesi &#8211; \u00f6rnek<br \/>\nB\u00fcy\u00fck defter ve yevmiye defteri ili\u015fkisi<br \/>\nB\u00fcy\u00fck defter ve yevmiye defteri ili\u015fkisi &#8211; \u00f6rnek<br \/>\nYard\u0131mc\u0131 defter<br \/>\nYard\u0131mc\u0131 defter &#8211; \u00f6rnek<br \/>\nDe\u011ferlendirme sorular\u0131<\/p>\n<p>M\u0130ZAN<br \/>\nMizan tan\u0131m\u0131<br \/>\nMizan\u0131n \u015fekli<br \/>\nMizan\u0131n d\u00fczenlenmesi<br \/>\nMizan\u0131n d\u00fczenlenmesi &#8211; \u00f6rnek<br \/>\nMizan\u0131n yorumlanmas\u0131<br \/>\nDe\u011ferlendirme sorular\u0131<\/p>\n<p>\u00d6RNEK OLAY<br \/>\n\u00d6rnek: \u0130\u015fletme bilgileri ve ticari i\u015flemler<br \/>\n1. Sermayeyi hesaplama<br \/>\n2. Varl\u0131k ve kaynaklar\u0131 hesaplara aktarma<br \/>\n3. A\u00e7\u0131l\u0131\u015f bilan\u00e7osunun haz\u0131rlanmas\u0131<br \/>\n4. Yevmiye defteri a\u00e7\u0131l\u0131\u015f kayd\u0131<br \/>\n5. A\u00e7\u0131l\u0131\u015f hesaplar\u0131 b\u00fcy\u00fck defter kay\u0131tlar\u0131<br \/>\n6. Ticari i\u015flemlerin yevmiye defteri kay\u0131tlar\u0131<br \/>\n7. Ticari i\u015flemlerin b\u00fcy\u00fck defter kay\u0131tlar\u0131<br \/>\n8. Ayl\u0131k mizan haz\u0131rlama<br \/>\n9. Bilan\u00e7oyu yeniden haz\u0131rlama<\/p>\n<p>D\u00d6NEN VARLIK HESAPLARI<br \/>\nD\u00f6nen varl\u0131klar<br \/>\n10 Haz\u0131r de\u011ferler<br \/>\n11 Menkul k\u0131ymetler<br \/>\n12 Ticari alacaklar<br \/>\n13 Di\u011fer alacaklar<br \/>\n15 Stoklar<br \/>\n17 Y\u0131llara yayg\u0131n in\u015faat ve onar\u0131m maliyetleri<br \/>\n18 Gelecek aylara ait giderler ve gelir tahakkuklar\u0131<br \/>\n19 Di\u011fer d\u00f6nen varl\u0131klar<\/p>\n<p>DURAN VARLIK HESAPLARI<br \/>\nDuran varl\u0131klar<br \/>\n22 Ticari alacaklar<br \/>\n23 Di\u011fer alacaklar<br \/>\n24 Mali duran varl\u0131klar<br \/>\n25 Maddi duran varl\u0131klar<br \/>\n26 Maddi olmayan duran varl\u0131klar<br \/>\n27 \u00d6zel t\u00fckenmeye tabi varl\u0131klar<br \/>\n28 Gelecek y\u0131llara ait giderler ve gelir tahakkuklar\u0131<br \/>\n29 Di\u011fer duran varl\u0131klar<\/p>\n<p>KISA VADEL\u0130 YABANCI KAYNAK HESAPLARI<br \/>\nK\u0131sa vadeli yabanc\u0131 kaynaklar<br \/>\n30 Mali bor\u00e7lar<br \/>\n32 Ticari bor\u00e7lar<br \/>\n33 Di\u011fer bor\u00e7lar<br \/>\n34 Al\u0131nan avanslar<br \/>\n35 Y\u0131llara yayg\u0131n in\u015faat ve onar\u0131m hak edi\u015fleri<br \/>\n36 \u00d6denecek vergi ve di\u011fer y\u00fck\u00fcml\u00fcl\u00fckler<br \/>\n37 Bor\u00e7 ve gider kar\u015f\u0131l\u0131klar\u0131<br \/>\n38 Gelecek aylara ait gelirler ve gider tahakkuklar\u0131<br \/>\n39 Di\u011fer k\u0131sa vadeli yabanc\u0131 kaynaklar<\/p>\n<p>UZUN VADEL\u0130 YABANCI KAYNAK HESAPLARI<br \/>\nUzun vadeli yabanc\u0131 kaynaklar<br \/>\n40 Mali bor\u00e7lar<br \/>\n42 Ticari bor\u00e7lar<br \/>\n43 Di\u011fer bor\u00e7lar<br \/>\n44 Al\u0131nan avanslar<br \/>\n47 Bor\u00e7 ve gider kar\u015f\u0131l\u0131klar\u0131<br \/>\n48 Gelecek y\u0131llara ait gelirler ve gider tahakkuklar\u0131<br \/>\n49 Di\u011fer uzun vadeli yabanc\u0131 kaynaklar<\/p>\n<p>\u00d6Z KAYNAK HESAPLARI<br \/>\n\u00d6z kaynaklar<br \/>\n50 \u00d6denmi\u015f sermaye<br \/>\n52 Sermaye yedekleri<br \/>\n54 Kar yedekleri<br \/>\n57 Ge\u00e7mi\u015f y\u0131l karlar\u0131<br \/>\n58 Ge\u00e7mi\u015f y\u0131l zararlar\u0131<br \/>\n59 D\u00f6nem net kar\u0131 (zarar\u0131)<\/p>\n<p>GEL\u0130R TABLOSU HESAPLARI<br \/>\nGelir ve gider kavram\u0131<br \/>\nGelir ve gider hesaplar\u0131n\u0131n i\u015fleyi\u015fi<br \/>\nMaliyet hesaplar\u0131 ile ba\u011flant\u0131<br \/>\n60 Br\u00fct sat\u0131\u015flar<br \/>\n61 Sat\u0131\u015f indirimleri(-)<br \/>\n62 Sat\u0131\u015flar\u0131n maliyeti(-)<br \/>\n63 Faaliyet giderleri(-)<br \/>\n64 Di\u011fer faaliyetlerden ola\u011fan gelir ve karlar<br \/>\n65 Di\u011fer faaliyetlerden ola\u011fan gider ve zararlar(-)<br \/>\n66 Finansman giderleri(-)<br \/>\n67 Ola\u011fand\u0131\u015f\u0131 gelir ve karlar<br \/>\n68 Ola\u011fan d\u0131\u015f\u0131 gider ve zararlar(-)<br \/>\n69 D\u00f6nem net kar\u0131 veya zarar\u0131<\/p>\n<p>MAL\u0130YET HESAPLARI<br \/>\nMaliyet nedir<br \/>\nMaliyet muhasebesi hesaplar\u0131<br \/>\nMaliyet hesaplar\u0131 7\/A ve 7\/B<br \/>\nMaliyet hesaplar\u0131 ile gelir tablosu hesaplar\u0131 ili\u015fkisi<br \/>\nGider \u00e7e\u015fitleri ve gider yerleri<br \/>\n7\/A se\u00e7ene\u011fi maliyet hesaplar\u0131<br \/>\n7\/B se\u00e7ene\u011fi maliyet hesaplar\u0131<\/p>\n<p><span style=\"color: #990000;\"><br \/>\nUYARI: Muhasebe ders anlat\u0131mlar\u0131 tamamen muhasebedersleri.com&#8217;a aittir. Kesinlikle internet ve benzeri ortamlarda yay\u0131nlanmas\u0131 ve kullan\u0131lmas\u0131 yasakt\u0131r.<\/span><\/p>\n","protected":false},"excerpt":{"rendered":"<p>Genel muhasebe e\u011fitim seti; Tek d\u00fczen hesap plan\u0131na g\u00f6re \u00e7ift tarafl\u0131 kay\u0131t sistemini anlatan e\u011fitim setimizdir. &nbsp; DVD E\u011fitim setimizde toplam 130 video bulunmaktad\u0131r. \u0130steyenler\u00a0e\u011fitim setimizi sat\u0131n\u00a0al\u0131p istedi\u011fi zaman ve istedi\u011fi kadar konu anlat\u0131ml\u0131 videolar\u0131 izleyerek genel muhasebeyi \u00f6\u011frenebilirler. &nbsp; \u0130steyenler a\u015fa\u011f\u0131daki ileti\u015fim formu ile bize ula\u015fabilirler. (info@muhasebedersleri.com) &nbsp; [contact_form] &nbsp; E\u011fitim Seti \u0130\u00e7eri\u011fi: MUHASEBE &hellip;<\/p>\n","protected":false},"author":1,"featured_media":0,"parent":0,"menu_order":0,"comment_status":"open","ping_status":"open","template":"","meta":{"footnotes":""},"class_list":["post-1501","page","type-page","status-publish",""],"yoast_head":"<!-- This site is optimized with the Yoast SEO plugin v19.5.1 - https:\/\/yoast.com\/wordpress\/plugins\/seo\/ -->\n<title>Genel Muhasebe Video E\u011fitim Seti - Muhasebe Blog<\/title>\n<meta name=\"robots\" content=\"index, follow, max-snippet:-1, max-image-preview:large, max-video-preview:-1\" \/>\n<link rel=\"canonical\" href=\"https:\/\/www.muhasebedersleri.com\/blog\/genel-muhasebe-video-egitim-seti\/\" \/>\n<meta property=\"og:locale\" content=\"tr_TR\" \/>\n<meta property=\"og:type\" content=\"article\" \/>\n<meta property=\"og:title\" content=\"Genel Muhasebe Video E\u011fitim Seti - Muhasebe Blog\" \/>\n<meta property=\"og:description\" content=\"Genel muhasebe e\u011fitim seti; Tek d\u00fczen hesap plan\u0131na g\u00f6re \u00e7ift tarafl\u0131 kay\u0131t sistemini anlatan e\u011fitim setimizdir. &nbsp; DVD E\u011fitim setimizde toplam 130 video bulunmaktad\u0131r. \u0130steyenler\u00a0e\u011fitim setimizi sat\u0131n\u00a0al\u0131p istedi\u011fi zaman ve istedi\u011fi kadar konu anlat\u0131ml\u0131 videolar\u0131 izleyerek genel muhasebeyi \u00f6\u011frenebilirler. &nbsp; \u0130steyenler a\u015fa\u011f\u0131daki ileti\u015fim formu ile bize ula\u015fabilirler. (info@muhasebedersleri.com) &nbsp; [contact_form] &nbsp; E\u011fitim Seti \u0130\u00e7eri\u011fi: MUHASEBE &hellip;\" \/>\n<meta property=\"og:url\" content=\"https:\/\/www.muhasebedersleri.com\/blog\/genel-muhasebe-video-egitim-seti\/\" \/>\n<meta property=\"og:site_name\" content=\"Muhasebe Blog\" \/>\n<meta property=\"article:modified_time\" content=\"2014-10-18T19:33:36+00:00\" \/>\n<meta property=\"og:image\" content=\"http:\/\/www.muhasebedersleri.com\/blog\/wp-content\/uploads\/2014\/10\/video-egitim-seti.jpg\" \/>\n<meta name=\"twitter:card\" content=\"summary_large_image\" \/>\n<meta name=\"twitter:label1\" content=\"Tahmini okuma s\u00fcresi\" \/>\n\t<meta name=\"twitter:data1\" content=\"4 dakika\" \/>\n<script type=\"application\/ld+json\" class=\"yoast-schema-graph\">{\"@context\":\"https:\/\/schema.org\",\"@graph\":[{\"@type\":\"WebPage\",\"@id\":\"https:\/\/www.muhasebedersleri.com\/blog\/genel-muhasebe-video-egitim-seti\/\",\"url\":\"https:\/\/www.muhasebedersleri.com\/blog\/genel-muhasebe-video-egitim-seti\/\",\"name\":\"Genel Muhasebe Video E\u011fitim Seti - Muhasebe Blog\",\"isPartOf\":{\"@id\":\"https:\/\/www.muhasebedersleri.com\/blog\/#website\"},\"datePublished\":\"2014-10-12T15:42:33+00:00\",\"dateModified\":\"2014-10-18T19:33:36+00:00\",\"breadcrumb\":{\"@id\":\"https:\/\/www.muhasebedersleri.com\/blog\/genel-muhasebe-video-egitim-seti\/#breadcrumb\"},\"inLanguage\":\"tr\",\"potentialAction\":[{\"@type\":\"ReadAction\",\"target\":[\"https:\/\/www.muhasebedersleri.com\/blog\/genel-muhasebe-video-egitim-seti\/\"]}]},{\"@type\":\"BreadcrumbList\",\"@id\":\"https:\/\/www.muhasebedersleri.com\/blog\/genel-muhasebe-video-egitim-seti\/#breadcrumb\",\"itemListElement\":[{\"@type\":\"ListItem\",\"position\":1,\"name\":\"Ana sayfa\",\"item\":\"https:\/\/www.muhasebedersleri.com\/blog\/\"},{\"@type\":\"ListItem\",\"position\":2,\"name\":\"Genel Muhasebe Video E\u011fitim Seti\"}]},{\"@type\":\"WebSite\",\"@id\":\"https:\/\/www.muhasebedersleri.com\/blog\/#website\",\"url\":\"https:\/\/www.muhasebedersleri.com\/blog\/\",\"name\":\"Muhasebe Blog\",\"description\":\"Muhasebe hakk\u0131nda her\u015fey\",\"potentialAction\":[{\"@type\":\"SearchAction\",\"target\":{\"@type\":\"EntryPoint\",\"urlTemplate\":\"https:\/\/www.muhasebedersleri.com\/blog\/?s={search_term_string}\"},\"query-input\":\"required name=search_term_string\"}],\"inLanguage\":\"tr\"}]}<\/script>\n<!-- \/ Yoast SEO plugin. -->","yoast_head_json":{"title":"Genel Muhasebe Video E\u011fitim Seti - Muhasebe Blog","robots":{"index":"index","follow":"follow","max-snippet":"max-snippet:-1","max-image-preview":"max-image-preview:large","max-video-preview":"max-video-preview:-1"},"canonical":"https:\/\/www.muhasebedersleri.com\/blog\/genel-muhasebe-video-egitim-seti\/","og_locale":"tr_TR","og_type":"article","og_title":"Genel Muhasebe Video E\u011fitim Seti - Muhasebe Blog","og_description":"Genel muhasebe e\u011fitim seti; Tek d\u00fczen hesap plan\u0131na g\u00f6re \u00e7ift tarafl\u0131 kay\u0131t sistemini anlatan e\u011fitim setimizdir. &nbsp; DVD E\u011fitim setimizde toplam 130 video bulunmaktad\u0131r. \u0130steyenler\u00a0e\u011fitim setimizi sat\u0131n\u00a0al\u0131p istedi\u011fi zaman ve istedi\u011fi kadar konu anlat\u0131ml\u0131 videolar\u0131 izleyerek genel muhasebeyi \u00f6\u011frenebilirler. &nbsp; \u0130steyenler a\u015fa\u011f\u0131daki ileti\u015fim formu ile bize ula\u015fabilirler. (info@muhasebedersleri.com) &nbsp; [contact_form] &nbsp; E\u011fitim Seti \u0130\u00e7eri\u011fi: MUHASEBE &hellip;","og_url":"https:\/\/www.muhasebedersleri.com\/blog\/genel-muhasebe-video-egitim-seti\/","og_site_name":"Muhasebe Blog","article_modified_time":"2014-10-18T19:33:36+00:00","og_image":[{"url":"http:\/\/www.muhasebedersleri.com\/blog\/wp-content\/uploads\/2014\/10\/video-egitim-seti.jpg"}],"twitter_card":"summary_large_image","twitter_misc":{"Tahmini okuma s\u00fcresi":"4 dakika"},"schema":{"@context":"https:\/\/schema.org","@graph":[{"@type":"WebPage","@id":"https:\/\/www.muhasebedersleri.com\/blog\/genel-muhasebe-video-egitim-seti\/","url":"https:\/\/www.muhasebedersleri.com\/blog\/genel-muhasebe-video-egitim-seti\/","name":"Genel Muhasebe Video E\u011fitim Seti - Muhasebe Blog","isPartOf":{"@id":"https:\/\/www.muhasebedersleri.com\/blog\/#website"},"datePublished":"2014-10-12T15:42:33+00:00","dateModified":"2014-10-18T19:33:36+00:00","breadcrumb":{"@id":"https:\/\/www.muhasebedersleri.com\/blog\/genel-muhasebe-video-egitim-seti\/#breadcrumb"},"inLanguage":"tr","potentialAction":[{"@type":"ReadAction","target":["https:\/\/www.muhasebedersleri.com\/blog\/genel-muhasebe-video-egitim-seti\/"]}]},{"@type":"BreadcrumbList","@id":"https:\/\/www.muhasebedersleri.com\/blog\/genel-muhasebe-video-egitim-seti\/#breadcrumb","itemListElement":[{"@type":"ListItem","position":1,"name":"Ana sayfa","item":"https:\/\/www.muhasebedersleri.com\/blog\/"},{"@type":"ListItem","position":2,"name":"Genel Muhasebe Video E\u011fitim Seti"}]},{"@type":"WebSite","@id":"https:\/\/www.muhasebedersleri.com\/blog\/#website","url":"https:\/\/www.muhasebedersleri.com\/blog\/","name":"Muhasebe Blog","description":"Muhasebe hakk\u0131nda her\u015fey","potentialAction":[{"@type":"SearchAction","target":{"@type":"EntryPoint","urlTemplate":"https:\/\/www.muhasebedersleri.com\/blog\/?s={search_term_string}"},"query-input":"required name=search_term_string"}],"inLanguage":"tr"}]}},"_links":{"self":[{"href":"https:\/\/www.muhasebedersleri.com\/blog\/wp-json\/wp\/v2\/pages\/1501","targetHints":{"allow":["GET"]}}],"collection":[{"href":"https:\/\/www.muhasebedersleri.com\/blog\/wp-json\/wp\/v2\/pages"}],"about":[{"href":"https:\/\/www.muhasebedersleri.com\/blog\/wp-json\/wp\/v2\/types\/page"}],"author":[{"embeddable":true,"href":"https:\/\/www.muhasebedersleri.com\/blog\/wp-json\/wp\/v2\/users\/1"}],"replies":[{"embeddable":true,"href":"https:\/\/www.muhasebedersleri.com\/blog\/wp-json\/wp\/v2\/comments?post=1501"}],"version-history":[{"count":20,"href":"https:\/\/www.muhasebedersleri.com\/blog\/wp-json\/wp\/v2\/pages\/1501\/revisions"}],"predecessor-version":[{"id":1542,"href":"https:\/\/www.muhasebedersleri.com\/blog\/wp-json\/wp\/v2\/pages\/1501\/revisions\/1542"}],"wp:attachment":[{"href":"https:\/\/www.muhasebedersleri.com\/blog\/wp-json\/wp\/v2\/media?parent=1501"}],"curies":[{"name":"wp","href":"https:\/\/api.w.org\/{rel}","templated":true}]}}